{"id":4702,"date":"2023-11-20T14:36:18","date_gmt":"2023-11-20T13:36:18","guid":{"rendered":"http:\/\/cgda\/events\/"},"modified":"2026-02-15T00:49:32","modified_gmt":"2026-02-14T23:49:32","slug":"events","status":"publish","type":"page","link":"https:\/\/cgda.eu\/en\/events\/","title":{"rendered":"Events"},"content":{"rendered":"\t\t<div data-elementor-type=\"wp-page\" data-elementor-id=\"4702\" class=\"elementor elementor-4702 elementor-2516\" data-elementor-post-type=\"page\">\n\t\t\t\t<div class=\"elementor-element elementor-element-ff17c8f e-flex e-con-boxed e-con e-parent\" data-id=\"ff17c8f\" data-element_type=\"container\" data-e-type=\"container\" data-settings=\"{&quot;background_background&quot;:&quot;slideshow&quot;,&quot;background_slideshow_gallery&quot;:[{&quot;id&quot;:2623,&quot;url&quot;:&quot;https:\\\/\\\/cgda.eu\\\/wp-content\\\/uploads\\\/2024\\\/01\\\/slide2.jpg&quot;},{&quot;id&quot;:2656,&quot;url&quot;:&quot;https:\\\/\\\/cgda.eu\\\/wp-content\\\/uploads\\\/2024\\\/01\\\/cgdanew.png&quot;},{&quot;id&quot;:2023,&quot;url&quot;:&quot;https:\\\/\\\/cgda.eu\\\/wp-content\\\/uploads\\\/2023\\\/12\\\/slide1.jpg&quot;}],&quot;background_slideshow_loop&quot;:&quot;yes&quot;,&quot;background_slideshow_slide_duration&quot;:5000,&quot;background_slideshow_slide_transition&quot;:&quot;fade&quot;,&quot;background_slideshow_transition_duration&quot;:500}\">\n\t\t\t\t\t<div class=\"e-con-inner\">\n\t\t<div class=\"elementor-element elementor-element-c37d4f2 e-flex e-con-boxed e-con e-child\" data-id=\"c37d4f2\" data-element_type=\"container\" data-e-type=\"container\">\n\t\t\t\t\t<div class=\"e-con-inner\">\n\t\t\t\t<div class=\"elementor-element elementor-element-bfbd217 elementor-widget elementor-widget-elementskit-heading\" data-id=\"bfbd217\" data-element_type=\"widget\" data-e-type=\"widget\" data-widget_type=\"elementskit-heading.default\">\n\t\t\t\t<div class=\"elementor-widget-container\">\n\t\t\t\t\t<div class=\"ekit-wid-con\" ><div class=\"ekit-heading elementskit-section-title-wraper text_left   ekit_heading_tablet-   ekit_heading_mobile-\"><h1 class=\"ekit-heading--title elementskit-section-title \">EVENTS<\/h1><\/div><\/div>\t\t\t\t<\/div>\n\t\t\t\t<\/div>\n\t\t\t\t\t<\/div>\n\t\t\t\t<\/div>\n\t\t\t\t\t<\/div>\n\t\t\t\t<\/div>\n\t\t<div class=\"elementor-element elementor-element-094c7a5 e-flex e-con-boxed e-con e-parent\" data-id=\"094c7a5\" data-element_type=\"container\" data-e-type=\"container\">\n\t\t\t\t\t<div class=\"e-con-inner\">\n\t\t\t\t<div class=\"elementor-element elementor-element-fd939c7 elementor-grid-1 elementor-posts--thumbnail-left elementor-grid-tablet-1 elementor-grid-mobile-1 elementor-widget elementor-widget-posts\" data-id=\"fd939c7\" data-element_type=\"widget\" data-e-type=\"widget\" data-settings=\"{&quot;classic_columns&quot;:&quot;1&quot;,&quot;classic_row_gap&quot;:{&quot;unit&quot;:&quot;px&quot;,&quot;size&quot;:60,&quot;sizes&quot;:[]},&quot;pagination_type&quot;:&quot;numbers_and_prev_next&quot;,&quot;classic_columns_tablet&quot;:&quot;1&quot;,&quot;classic_columns_mobile&quot;:&quot;1&quot;,&quot;classic_row_gap_tablet&quot;:{&quot;unit&quot;:&quot;px&quot;,&quot;size&quot;:&quot;&quot;,&quot;sizes&quot;:[]},&quot;classic_row_gap_mobile&quot;:{&quot;unit&quot;:&quot;px&quot;,&quot;size&quot;:&quot;&quot;,&quot;sizes&quot;:[]}}\" data-widget_type=\"posts.classic\">\n\t\t\t\t<div class=\"elementor-widget-container\">\n\t\t\t\t\t\t\t<div class=\"elementor-posts-container elementor-posts elementor-posts--skin-classic elementor-grid\" role=\"list\">\n\t\t\t\t<article class=\"elementor-post elementor-grid-item post-3717 event type-event status-publish has-post-thumbnail hentry\" role=\"listitem\">\n\t\t\t\t<a class=\"elementor-post__thumbnail__link\" href=\"https:\/\/cgda.eu\/en\/event\/blender-film-games-2024\/\" tabindex=\"-1\" >\n\t\t\t<div class=\"elementor-post__thumbnail\"><img decoding=\"async\" width=\"300\" height=\"149\" src=\"https:\/\/cgda.eu\/wp-content\/uploads\/2024\/09\/blenderf-300x149.png\" class=\"attachment-medium size-medium wp-image-3718\" alt=\"\" srcset=\"https:\/\/cgda.eu\/wp-content\/uploads\/2024\/09\/blenderf-300x149.png 300w, https:\/\/cgda.eu\/wp-content\/uploads\/2024\/09\/blenderf-768x381.png 768w, https:\/\/cgda.eu\/wp-content\/uploads\/2024\/09\/blenderf-1024x508.png 1024w, https:\/\/cgda.eu\/wp-content\/uploads\/2024\/09\/blenderf.png 1096w\" sizes=\"(max-width: 300px) 100vw, 300px\" \/><\/div>\n\t\t<\/a>\n\t\t\t\t<div class=\"elementor-post__text\">\n\t\t\t\t<h3 class=\"elementor-post__title\">\n\t\t\t<a href=\"https:\/\/cgda.eu\/en\/event\/blender-film-games-2024\/\" >\n\t\t\t\tBlender: Film &#038; Games 2024\t\t\t<\/a>\n\t\t<\/h3>\n\t\t\t\t<div class=\"elementor-post__meta-data\">\n\t\t\t\t\t<span class=\"elementor-post-date\">\n\t\t\tSeptember 27, 2024\t\t<\/span>\n\t\t\t\t<\/div>\n\t\t\t\t<div class=\"elementor-post__excerpt\">\n\t\t\t<p>4. listopada 2024. na Sveu\u010dili\u0161tu Algebra odr\u017eava se Blender: Film &amp; Games, koja spaja hrvatsku filmsku industriju s industrijom videoigara. Konferencija donosi bogat program predavanja,<\/p>\n\t\t<\/div>\n\t\t\t\t\t<div class=\"elementor-post__read-more-wrapper\">\n\t\t\n\t\t<a class=\"elementor-post__read-more\" href=\"https:\/\/cgda.eu\/en\/event\/blender-film-games-2024\/\" aria-label=\"Read more about Blender: Film &#038; Games 2024\" tabindex=\"-1\" >\n\t\t\tRead more \u00bb\t\t<\/a>\n\n\t\t\t\t\t<\/div>\n\t\t\t\t<\/div>\n\t\t\t\t<\/article>\n\t\t\t\t<article class=\"elementor-post elementor-grid-item post-3709 event type-event status-publish has-post-thumbnail hentry\" role=\"listitem\">\n\t\t\t\t<a class=\"elementor-post__thumbnail__link\" href=\"https:\/\/cgda.eu\/en\/event\/glas-witchera-doug-cockle-na-rikonu-2024\/\" tabindex=\"-1\" >\n\t\t\t<div class=\"elementor-post__thumbnail\"><img fetchpriority=\"high\" decoding=\"async\" width=\"300\" height=\"248\" src=\"https:\/\/cgda.eu\/wp-content\/uploads\/2024\/09\/witcher-300x248.png\" class=\"attachment-medium size-medium wp-image-3714\" alt=\"\" srcset=\"https:\/\/cgda.eu\/wp-content\/uploads\/2024\/09\/witcher-300x248.png 300w, https:\/\/cgda.eu\/wp-content\/uploads\/2024\/09\/witcher.png 568w\" sizes=\"(max-width: 300px) 100vw, 300px\" \/><\/div>\n\t\t<\/a>\n\t\t\t\t<div class=\"elementor-post__text\">\n\t\t\t\t<h3 class=\"elementor-post__title\">\n\t\t\t<a href=\"https:\/\/cgda.eu\/en\/event\/glas-witchera-doug-cockle-na-rikonu-2024\/\" >\n\t\t\t\tGlas Witchera Doug Cockle na Rikonu 2024\t\t\t<\/a>\n\t\t<\/h3>\n\t\t\t\t<div class=\"elementor-post__meta-data\">\n\t\t\t\t\t<span class=\"elementor-post-date\">\n\t\t\tSeptember 27, 2024\t\t<\/span>\n\t\t\t\t<\/div>\n\t\t\t\t<div class=\"elementor-post__excerpt\">\n\t\t\t<p>Vi\u0161e informacija o doga\u0111aju Rikon 11. i 12. listopada na poveznici: Rikon (rikonrijeka.com)<\/p>\n\t\t<\/div>\n\t\t\t\t\t<div class=\"elementor-post__read-more-wrapper\">\n\t\t\n\t\t<a class=\"elementor-post__read-more\" href=\"https:\/\/cgda.eu\/en\/event\/glas-witchera-doug-cockle-na-rikonu-2024\/\" aria-label=\"Read more about Glas Witchera Doug Cockle na Rikonu 2024\" tabindex=\"-1\" >\n\t\t\tRead more \u00bb\t\t<\/a>\n\n\t\t\t\t\t<\/div>\n\t\t\t\t<\/div>\n\t\t\t\t<\/article>\n\t\t\t\t<article class=\"elementor-post elementor-grid-item post-3705 event type-event status-publish has-post-thumbnail hentry\" role=\"listitem\">\n\t\t\t\t<a class=\"elementor-post__thumbnail__link\" href=\"https:\/\/cgda.eu\/en\/event\/gamechanger-2024\/\" tabindex=\"-1\" >\n\t\t\t<div class=\"elementor-post__thumbnail\"><img decoding=\"async\" width=\"300\" height=\"133\" src=\"https:\/\/cgda.eu\/wp-content\/uploads\/2024\/09\/gamechanger-300x133.png\" class=\"attachment-medium size-medium wp-image-3706\" alt=\"\" srcset=\"https:\/\/cgda.eu\/wp-content\/uploads\/2024\/09\/gamechanger-300x133.png 300w, https:\/\/cgda.eu\/wp-content\/uploads\/2024\/09\/gamechanger-768x341.png 768w, https:\/\/cgda.eu\/wp-content\/uploads\/2024\/09\/gamechanger-1024x454.png 1024w, https:\/\/cgda.eu\/wp-content\/uploads\/2024\/09\/gamechanger.png 1195w\" sizes=\"(max-width: 300px) 100vw, 300px\" \/><\/div>\n\t\t<\/a>\n\t\t\t\t<div class=\"elementor-post__text\">\n\t\t\t\t<h3 class=\"elementor-post__title\">\n\t\t\t<a href=\"https:\/\/cgda.eu\/en\/event\/gamechanger-2024\/\" >\n\t\t\t\tGamechanger 2024\t\t\t<\/a>\n\t\t<\/h3>\n\t\t\t\t<div class=\"elementor-post__meta-data\">\n\t\t\t\t\t<span class=\"elementor-post-date\">\n\t\t\tSeptember 27, 2024\t\t<\/span>\n\t\t\t\t<\/div>\n\t\t\t\t<div class=\"elementor-post__excerpt\">\n\t\t\t<p>Kako se pridru\u017eiti cijelom tehnolo\u0161kom valu koji je stigao? Svjedoci smo stalnih promjena u podru\u010djima \u017eivota i rada. Postavlja se pitanje u kojem smjeru razvijati<\/p>\n\t\t<\/div>\n\t\t\t\t\t<div class=\"elementor-post__read-more-wrapper\">\n\t\t\n\t\t<a class=\"elementor-post__read-more\" href=\"https:\/\/cgda.eu\/en\/event\/gamechanger-2024\/\" aria-label=\"Read more about Gamechanger 2024\" tabindex=\"-1\" >\n\t\t\tRead more \u00bb\t\t<\/a>\n\n\t\t\t\t\t<\/div>\n\t\t\t\t<\/div>\n\t\t\t\t<\/article>\n\t\t\t\t<article class=\"elementor-post elementor-grid-item post-3700 event type-event status-publish has-post-thumbnail hentry\" role=\"listitem\">\n\t\t\t\t<a class=\"elementor-post__thumbnail__link\" href=\"https:\/\/cgda.eu\/en\/event\/futurejam-2024\/\" tabindex=\"-1\" >\n\t\t\t<div class=\"elementor-post__thumbnail\"><img loading=\"lazy\" decoding=\"async\" width=\"300\" height=\"300\" src=\"https:\/\/cgda.eu\/wp-content\/uploads\/2024\/09\/futurejam-300x300.jpeg\" class=\"attachment-medium size-medium wp-image-3701\" alt=\"\" srcset=\"https:\/\/cgda.eu\/wp-content\/uploads\/2024\/09\/futurejam-300x300.jpeg 300w, https:\/\/cgda.eu\/wp-content\/uploads\/2024\/09\/futurejam-150x150.jpeg 150w, https:\/\/cgda.eu\/wp-content\/uploads\/2024\/09\/futurejam-768x768.jpeg 768w, https:\/\/cgda.eu\/wp-content\/uploads\/2024\/09\/futurejam-1024x1024.jpeg 1024w, https:\/\/cgda.eu\/wp-content\/uploads\/2024\/09\/futurejam-1536x1536.jpeg 1536w, https:\/\/cgda.eu\/wp-content\/uploads\/2024\/09\/futurejam.jpeg 1600w\" sizes=\"(max-width: 300px) 100vw, 300px\" \/><\/div>\n\t\t<\/a>\n\t\t\t\t<div class=\"elementor-post__text\">\n\t\t\t\t<h3 class=\"elementor-post__title\">\n\t\t\t<a href=\"https:\/\/cgda.eu\/en\/event\/futurejam-2024\/\" >\n\t\t\t\tFutureJam 2024\t\t\t<\/a>\n\t\t<\/h3>\n\t\t\t\t<div class=\"elementor-post__meta-data\">\n\t\t\t\t\t<span class=\"elementor-post-date\">\n\t\t\tSeptember 27, 2024\t\t<\/span>\n\t\t\t\t<\/div>\n\t\t\t\t<div class=\"elementor-post__excerpt\">\n\t\t\t<p>Izlo\u017eba pobjedni\u010dkih videoigara 10. listopada s po\u010detkom u 18h00.<\/p>\n\t\t<\/div>\n\t\t\t\t\t<div class=\"elementor-post__read-more-wrapper\">\n\t\t\n\t\t<a class=\"elementor-post__read-more\" href=\"https:\/\/cgda.eu\/en\/event\/futurejam-2024\/\" aria-label=\"Read more about FutureJam 2024\" tabindex=\"-1\" >\n\t\t\tRead more \u00bb\t\t<\/a>\n\n\t\t\t\t\t<\/div>\n\t\t\t\t<\/div>\n\t\t\t\t<\/article>\n\t\t\t\t<article class=\"elementor-post elementor-grid-item post-3505 event type-event status-publish has-post-thumbnail hentry\" role=\"listitem\">\n\t\t\t\t<a class=\"elementor-post__thumbnail__link\" href=\"https:\/\/cgda.eu\/en\/event\/napravi-super-maria-rijeka\/\" tabindex=\"-1\" >\n\t\t\t<div class=\"elementor-post__thumbnail\"><img loading=\"lazy\" decoding=\"async\" width=\"300\" height=\"122\" src=\"https:\/\/cgda.eu\/wp-content\/uploads\/2024\/06\/skojic-300x122.png\" class=\"attachment-medium size-medium wp-image-3506\" alt=\"\" srcset=\"https:\/\/cgda.eu\/wp-content\/uploads\/2024\/06\/skojic-300x122.png 300w, https:\/\/cgda.eu\/wp-content\/uploads\/2024\/06\/skojic-768x311.png 768w, https:\/\/cgda.eu\/wp-content\/uploads\/2024\/06\/skojic.png 992w\" sizes=\"(max-width: 300px) 100vw, 300px\" \/><\/div>\n\t\t<\/a>\n\t\t\t\t<div class=\"elementor-post__text\">\n\t\t\t\t<h3 class=\"elementor-post__title\">\n\t\t\t<a href=\"https:\/\/cgda.eu\/en\/event\/napravi-super-maria-rijeka\/\" >\n\t\t\t\tNapravi Super Maria &#8211; Rijeka\t\t\t<\/a>\n\t\t<\/h3>\n\t\t\t\t<div class=\"elementor-post__meta-data\">\n\t\t\t\t\t<span class=\"elementor-post-date\">\n\t\t\tJune 6, 2024\t\t<\/span>\n\t\t\t\t<\/div>\n\t\t\t\t<div class=\"elementor-post__excerpt\">\n\t\t\t<p>Marin Jurjevi\u0107 \u0107e\u00a04. srpnja i 5. srpnja za polaznike izme\u0111u 11 i 30 godina odr\u017eati kratku radionicu u CTK u Rijeci povodom doga\u0111aja Ljeto na<\/p>\n\t\t<\/div>\n\t\t\t\t\t<div class=\"elementor-post__read-more-wrapper\">\n\t\t\n\t\t<a class=\"elementor-post__read-more\" href=\"https:\/\/cgda.eu\/en\/event\/napravi-super-maria-rijeka\/\" aria-label=\"Read more about Napravi Super Maria &#8211; Rijeka\" tabindex=\"-1\" >\n\t\t\tRead more \u00bb\t\t<\/a>\n\n\t\t\t\t\t<\/div>\n\t\t\t\t<\/div>\n\t\t\t\t<\/article>\n\t\t\t\t<article class=\"elementor-post elementor-grid-item post-3453 event type-event status-publish has-post-thumbnail hentry\" role=\"listitem\">\n\t\t\t\t<a class=\"elementor-post__thumbnail__link\" href=\"https:\/\/cgda.eu\/en\/event\/beyond-esports\/\" tabindex=\"-1\" >\n\t\t\t<div class=\"elementor-post__thumbnail\"><img loading=\"lazy\" decoding=\"async\" width=\"300\" height=\"125\" src=\"https:\/\/cgda.eu\/wp-content\/uploads\/2024\/05\/beyondespotrs-300x125.png\" class=\"attachment-medium size-medium wp-image-3454\" alt=\"\" srcset=\"https:\/\/cgda.eu\/wp-content\/uploads\/2024\/05\/beyondespotrs-300x125.png 300w, https:\/\/cgda.eu\/wp-content\/uploads\/2024\/05\/beyondespotrs-768x319.png 768w, https:\/\/cgda.eu\/wp-content\/uploads\/2024\/05\/beyondespotrs-1024x426.png 1024w, https:\/\/cgda.eu\/wp-content\/uploads\/2024\/05\/beyondespotrs-1536x639.png 1536w, https:\/\/cgda.eu\/wp-content\/uploads\/2024\/05\/beyondespotrs.png 1732w\" sizes=\"(max-width: 300px) 100vw, 300px\" \/><\/div>\n\t\t<\/a>\n\t\t\t\t<div class=\"elementor-post__text\">\n\t\t\t\t<h3 class=\"elementor-post__title\">\n\t\t\t<a href=\"https:\/\/cgda.eu\/en\/event\/beyond-esports\/\" >\n\t\t\t\tBeyond eSports\t\t\t<\/a>\n\t\t<\/h3>\n\t\t\t\t<div class=\"elementor-post__meta-data\">\n\t\t\t\t\t<span class=\"elementor-post-date\">\n\t\t\tMay 28, 2024\t\t<\/span>\n\t\t\t\t<\/div>\n\t\t\t\t<div class=\"elementor-post__excerpt\">\n\t\t\t<p>Sljede\u0107i utorak, 04.06. na Algebri organizira se drugo izdanje konferencije Beyond Esports. Radi se o boutique konferenciji koja pokriva teme vezane uz esports industriju, s<\/p>\n\t\t<\/div>\n\t\t\t\t\t<div class=\"elementor-post__read-more-wrapper\">\n\t\t\n\t\t<a class=\"elementor-post__read-more\" href=\"https:\/\/cgda.eu\/en\/event\/beyond-esports\/\" aria-label=\"Read more about Beyond eSports\" tabindex=\"-1\" >\n\t\t\tRead more \u00bb\t\t<\/a>\n\n\t\t\t\t\t<\/div>\n\t\t\t\t<\/div>\n\t\t\t\t<\/article>\n\t\t\t\t<\/div>\n\t\t\n\t\t\t\t<div class=\"e-load-more-anchor\" data-page=\"1\" data-max-page=\"4\" data-next-page=\"https:\/\/cgda.eu\/en\/wp-json\/wp\/v2\/pages\/4702\/page\/2\/\"><\/div>\n\t\t\t\t<nav class=\"elementor-pagination\" aria-label=\"Pagination\">\n\t\t\t<span class=\"page-numbers prev\">\u00ab Previous<\/span>\n<span aria-current=\"page\" class=\"page-numbers current\"><span class=\"elementor-screen-only\">Page<\/span>1<\/span>\n<a class=\"page-numbers\" href=\"https:\/\/cgda.eu\/en\/wp-json\/wp\/v2\/pages\/4702\/page\/2\/\"><span class=\"elementor-screen-only\">Page<\/span>2<\/a>\n<a class=\"page-numbers\" href=\"https:\/\/cgda.eu\/en\/wp-json\/wp\/v2\/pages\/4702\/page\/3\/\"><span class=\"elementor-screen-only\">Page<\/span>3<\/a>\n<a class=\"page-numbers\" href=\"https:\/\/cgda.eu\/en\/wp-json\/wp\/v2\/pages\/4702\/page\/4\/\"><span class=\"elementor-screen-only\">Page<\/span>4<\/a>\n<a class=\"page-numbers next\" href=\"https:\/\/cgda.eu\/en\/wp-json\/wp\/v2\/pages\/4702\/page\/2\/\">Next \u00bb<\/a>\t\t<\/nav>\n\t\t\t\t\t\t<\/div>\n\t\t\t\t<\/div>\n\t\t\t\t\t<\/div>\n\t\t\t\t<\/div>\n\t\t\t\t<\/div>\n\t\t","protected":false},"excerpt":{"rendered":"<p>EVENTS<\/p>\n","protected":false},"author":1,"featured_media":0,"parent":0,"menu_order":0,"comment_status":"closed","ping_status":"closed","template":"","meta":{"_acf_changed":false,"footnotes":""},"class_list":["post-4702","page","type-page","status-publish","hentry"],"acf":[],"yoast_head":"<!-- This site is optimized with the Yoast SEO plugin v27.1.1 - https:\/\/yoast.com\/product\/yoast-seo-wordpress\/ -->\n<title>Events - CGDA<\/title>\n<meta name=\"robots\" content=\"index, follow, max-snippet:-1, max-image-preview:large, max-video-preview:-1\" \/>\n<link rel=\"canonical\" href=\"https:\/\/cgda.eu\/en\/events\/\" \/>\n<meta property=\"og:locale\" content=\"en_US\" \/>\n<meta property=\"og:type\" content=\"article\" \/>\n<meta property=\"og:title\" content=\"Events - CGDA\" \/>\n<meta property=\"og:description\" content=\"EVENTS\" \/>\n<meta property=\"og:url\" content=\"https:\/\/cgda.eu\/en\/events\/\" \/>\n<meta property=\"og:site_name\" content=\"CGDA\" \/>\n<meta property=\"article:modified_time\" content=\"2026-02-14T23:49:32+00:00\" \/>\n<meta name=\"twitter:card\" content=\"summary_large_image\" \/>\n<script type=\"application\/ld+json\" class=\"yoast-schema-graph\">{\"@context\":\"https:\/\/schema.org\",\"@graph\":[{\"@type\":\"WebPage\",\"@id\":\"https:\/\/cgda.eu\/en\/events\/\",\"url\":\"https:\/\/cgda.eu\/en\/events\/\",\"name\":\"Events - CGDA\",\"isPartOf\":{\"@id\":\"https:\/\/cgda.eu\/en\/#website\"},\"datePublished\":\"2023-11-20T13:36:18+00:00\",\"dateModified\":\"2026-02-14T23:49:32+00:00\",\"breadcrumb\":{\"@id\":\"https:\/\/cgda.eu\/en\/events\/#breadcrumb\"},\"inLanguage\":\"en-US\",\"potentialAction\":[{\"@type\":\"ReadAction\",\"target\":[\"https:\/\/cgda.eu\/en\/events\/\"]}]},{\"@type\":\"BreadcrumbList\",\"@id\":\"https:\/\/cgda.eu\/en\/events\/#breadcrumb\",\"itemListElement\":[{\"@type\":\"ListItem\",\"position\":1,\"name\":\"Home\",\"item\":\"https:\/\/cgda.eu\/en\/homepage\/\"},{\"@type\":\"ListItem\",\"position\":2,\"name\":\"Events\"}]},{\"@type\":\"WebSite\",\"@id\":\"https:\/\/cgda.eu\/en\/#website\",\"url\":\"https:\/\/cgda.eu\/en\/\",\"name\":\"CGDA\",\"description\":\"Croatian Game Development Alliance\",\"publisher\":{\"@id\":\"https:\/\/cgda.eu\/en\/#organization\"},\"potentialAction\":[{\"@type\":\"SearchAction\",\"target\":{\"@type\":\"EntryPoint\",\"urlTemplate\":\"https:\/\/cgda.eu\/en\/?s={search_term_string}\"},\"query-input\":{\"@type\":\"PropertyValueSpecification\",\"valueRequired\":true,\"valueName\":\"search_term_string\"}}],\"inLanguage\":\"en-US\"},{\"@type\":\"Organization\",\"@id\":\"https:\/\/cgda.eu\/en\/#organization\",\"name\":\"CGDA\",\"url\":\"https:\/\/cgda.eu\/en\/\",\"logo\":{\"@type\":\"ImageObject\",\"inLanguage\":\"en-US\",\"@id\":\"https:\/\/cgda.eu\/en\/#\/schema\/logo\/image\/\",\"url\":\"https:\/\/cgda.eu\/wp-content\/uploads\/2023\/11\/logo_horizontal-1.svg\",\"contentUrl\":\"https:\/\/cgda.eu\/wp-content\/uploads\/2023\/11\/logo_horizontal-1.svg\",\"caption\":\"CGDA\"},\"image\":{\"@id\":\"https:\/\/cgda.eu\/en\/#\/schema\/logo\/image\/\"}}]}<\/script>\n<!-- \/ Yoast SEO plugin. -->","yoast_head_json":{"title":"Events - CGDA","robots":{"index":"index","follow":"follow","max-snippet":"max-snippet:-1","max-image-preview":"max-image-preview:large","max-video-preview":"max-video-preview:-1"},"canonical":"https:\/\/cgda.eu\/en\/events\/","og_locale":"en_US","og_type":"article","og_title":"Events - CGDA","og_description":"EVENTS","og_url":"https:\/\/cgda.eu\/en\/events\/","og_site_name":"CGDA","article_modified_time":"2026-02-14T23:49:32+00:00","twitter_card":"summary_large_image","schema":{"@context":"https:\/\/schema.org","@graph":[{"@type":"WebPage","@id":"https:\/\/cgda.eu\/en\/events\/","url":"https:\/\/cgda.eu\/en\/events\/","name":"Events - CGDA","isPartOf":{"@id":"https:\/\/cgda.eu\/en\/#website"},"datePublished":"2023-11-20T13:36:18+00:00","dateModified":"2026-02-14T23:49:32+00:00","breadcrumb":{"@id":"https:\/\/cgda.eu\/en\/events\/#breadcrumb"},"inLanguage":"en-US","potentialAction":[{"@type":"ReadAction","target":["https:\/\/cgda.eu\/en\/events\/"]}]},{"@type":"BreadcrumbList","@id":"https:\/\/cgda.eu\/en\/events\/#breadcrumb","itemListElement":[{"@type":"ListItem","position":1,"name":"Home","item":"https:\/\/cgda.eu\/en\/homepage\/"},{"@type":"ListItem","position":2,"name":"Events"}]},{"@type":"WebSite","@id":"https:\/\/cgda.eu\/en\/#website","url":"https:\/\/cgda.eu\/en\/","name":"CGDA","description":"Croatian Game Development Alliance","publisher":{"@id":"https:\/\/cgda.eu\/en\/#organization"},"potentialAction":[{"@type":"SearchAction","target":{"@type":"EntryPoint","urlTemplate":"https:\/\/cgda.eu\/en\/?s={search_term_string}"},"query-input":{"@type":"PropertyValueSpecification","valueRequired":true,"valueName":"search_term_string"}}],"inLanguage":"en-US"},{"@type":"Organization","@id":"https:\/\/cgda.eu\/en\/#organization","name":"CGDA","url":"https:\/\/cgda.eu\/en\/","logo":{"@type":"ImageObject","inLanguage":"en-US","@id":"https:\/\/cgda.eu\/en\/#\/schema\/logo\/image\/","url":"https:\/\/cgda.eu\/wp-content\/uploads\/2023\/11\/logo_horizontal-1.svg","contentUrl":"https:\/\/cgda.eu\/wp-content\/uploads\/2023\/11\/logo_horizontal-1.svg","caption":"CGDA"},"image":{"@id":"https:\/\/cgda.eu\/en\/#\/schema\/logo\/image\/"}}]}},"_links":{"self":[{"href":"https:\/\/cgda.eu\/en\/wp-json\/wp\/v2\/pages\/4702","targetHints":{"allow":["GET"]}}],"collection":[{"href":"https:\/\/cgda.eu\/en\/wp-json\/wp\/v2\/pages"}],"about":[{"href":"https:\/\/cgda.eu\/en\/wp-json\/wp\/v2\/types\/page"}],"author":[{"embeddable":true,"href":"https:\/\/cgda.eu\/en\/wp-json\/wp\/v2\/users\/1"}],"replies":[{"embeddable":true,"href":"https:\/\/cgda.eu\/en\/wp-json\/wp\/v2\/comments?post=4702"}],"version-history":[{"count":2,"href":"https:\/\/cgda.eu\/en\/wp-json\/wp\/v2\/pages\/4702\/revisions"}],"predecessor-version":[{"id":5008,"href":"https:\/\/cgda.eu\/en\/wp-json\/wp\/v2\/pages\/4702\/revisions\/5008"}],"wp:attachment":[{"href":"https:\/\/cgda.eu\/en\/wp-json\/wp\/v2\/media?parent=4702"}],"curies":[{"name":"wp","href":"https:\/\/api.w.org\/{rel}","templated":true}]}}